{"id":108,"date":"2023-03-19T04:19:23","date_gmt":"2023-03-19T04:19:23","guid":{"rendered":"https:\/\/qko.mx\/?page_id=108"},"modified":"2023-03-20T00:39:11","modified_gmt":"2023-03-20T00:39:11","slug":"web","status":"publish","type":"page","link":"https:\/\/qko.mx\/en\/web\/","title":{"rendered":"Web"},"content":{"rendered":"<p>En nuestro equipo de dise\u00f1o, nos enfocamos en crear soluciones atractivas y efectivas para la presencia online de nuestros clientes. Ofrecemos servicios de dise\u00f1o web, banners y publicaciones para redes sociales que ayudan a impulsar la presencia online de tu negocio y atraer la atenci\u00f3n de tu audiencia.<\/p>\n\n\n\n<p>En dise\u00f1o web, nos enfocamos en crear sitios web modernos y funcionales, que sean intuitivos y f\u00e1ciles de usar para tus visitantes. Nos aseguramos de que tu sitio web tenga un dise\u00f1o atractivo y acorde a la imagen de tu negocio, adem\u00e1s de ser compatible con dispositivos m\u00f3viles.<\/p>\n\n\n\n<p>En dise\u00f1o de banners, creamos piezas publicitarias efectivas que atraen la atenci\u00f3n de tus clientes potenciales y aumentan la visibilidad de tu negocio. Nos enfocamos en crear dise\u00f1os atractivos y que se ajusten a tus objetivos de marketing.<\/p>\n\n\n\n<p>En publicaciones para redes sociales, nos aseguramos de crear dise\u00f1os creativos y efectivos que llamen la atenci\u00f3n de tu audiencia y generen interacci\u00f3n. Nos enfocamos en transmitir tu mensaje de manera clara y atractiva para generar resultados y aumentar la presencia online de tu negocio.<\/p>\n\n\n\n<p>Cont\u00e1ctanos para hablar sobre c\u00f3mo podemos ayudarte a mejorar tu presencia online y crear dise\u00f1os que generen impacto en tu audiencia. Estamos deseando trabajar contigo y crear soluciones atractivas y efectivas para tu negocio.<\/p>\n\n\n\n<p>\u2022 Banners<\/p>\n\n\n\n<p>\u2022 Sitios<\/p>\n\n\n\n<p>\u2022 Tiendas<\/p>\n\n\n\n<p>\u2022 Redes Sociales<\/p>\n\n\n\n<p>\u2022 Mailing<\/p>\n\n\n\n<p>\u2022 Apps<\/p>\n\n\n\n<p>\u2022 Mantenimiento<\/p>\n\n\n\n<div class=\"wp-block-columns is-layout-flex wp-container-core-columns-is-layout-28f84493 wp-block-columns-is-layout-flex\">\n<div class=\"wp-block-column is-layout-flow wp-block-column-is-layout-flow\">\n<iframe height=\"500\" src=\"https:\/\/lonuevoenestetica.mx\/lne\/\"><\/iframe>\n<\/div>\n\n\n\n<div class=\"wp-block-column is-layout-flow wp-block-column-is-layout-flow\">\n<iframe height=\"500\" src=\"https:\/\/www.ricardopl.com\/\"><\/iframe>\n<\/div>\n<\/div>\n\n\n\n<div class=\"wp-block-columns is-layout-flex wp-container-core-columns-is-layout-28f84493 wp-block-columns-is-layout-flex\">\n<div class=\"wp-block-column is-layout-flow wp-block-column-is-layout-flow\">\n<iframe height=\"500\" src=\"https:\/\/econotransfer.com.mx\/tienda\/\"><\/iframe>\n<\/div>\n\n\n\n<div class=\"wp-block-column is-layout-flow wp-block-column-is-layout-flow\">\n<iframe height=\"500\" src=\"https:\/\/cervezalabrador.qko.mx\/\"><\/iframe>\n<\/div>\n<\/div>\n\n\n\n<div class=\"wp-block-columns is-layout-flex wp-container-core-columns-is-layout-28f84493 wp-block-columns-is-layout-flex\"><\/div>","protected":false},"excerpt":{"rendered":"<p>En nuestro equipo de dise\u00f1o, nos enfocamos en crear soluciones atractivas y efectivas para la presencia online de nuestros clientes. Ofrecemos servicios de dise\u00f1o web, banners y publicaciones para redes sociales que ayudan a impulsar la presencia online de tu negocio y atraer la atenci\u00f3n de tu audiencia. En dise\u00f1o web, nos enfocamos en crear &hellip; <\/p>\n<p class=\"link-more\"><a href=\"https:\/\/qko.mx\/en\/web\/\" class=\"more-link\">Read more<span class=\"screen-reader-text\"> \u00abWeb\u00bb<\/span><\/a><\/p>","protected":false},"author":1,"featured_media":0,"parent":0,"menu_order":0,"comment_status":"closed","ping_status":"closed","template":"","meta":{"ngg_post_thumbnail":0,"footnotes":""},"class_list":["post-108","page","type-page","status-publish","hentry"],"featured_media_urls":[],"_links":{"self":[{"href":"https:\/\/qko.mx\/en\/wp-json\/wp\/v2\/pages\/108","targetHints":{"allow":["GET"]}}],"collection":[{"href":"https:\/\/qko.mx\/en\/wp-json\/wp\/v2\/pages"}],"about":[{"href":"https:\/\/qko.mx\/en\/wp-json\/wp\/v2\/types\/page"}],"author":[{"embeddable":true,"href":"https:\/\/qko.mx\/en\/wp-json\/wp\/v2\/users\/1"}],"replies":[{"embeddable":true,"href":"https:\/\/qko.mx\/en\/wp-json\/wp\/v2\/comments?post=108"}],"version-history":[{"count":13,"href":"https:\/\/qko.mx\/en\/wp-json\/wp\/v2\/pages\/108\/revisions"}],"predecessor-version":[{"id":142,"href":"https:\/\/qko.mx\/en\/wp-json\/wp\/v2\/pages\/108\/revisions\/142"}],"wp:attachment":[{"href":"https:\/\/qko.mx\/en\/wp-json\/wp\/v2\/media?parent=108"}],"curies":[{"name":"wp","href":"https:\/\/api.w.org\/{rel}","templated":true}]}}