{"id":11,"date":"2023-03-17T12:54:06","date_gmt":"2023-03-17T12:54:06","guid":{"rendered":"https:\/\/qko.mx\/?page_id=11"},"modified":"2023-03-19T05:53:44","modified_gmt":"2023-03-19T05:53:44","slug":"acerca-de","status":"publish","type":"page","link":"https:\/\/qko.mx\/en\/acerca-de\/","title":{"rendered":"QKO es&#8230;"},"content":{"rendered":"<h2 class=\"has-large-font-size wp-block-heading\" id=\"inspiro-is-a-digital-product-agency-that-focuses-on-strategy-and-design\" style=\"font-style:normal;font-weight:100\">Algo diferente a una agencia tradicional<strong>, buscamos involucrarnos directo con el CLIENTE<\/strong> tenemos la misi\u00f3n de saber lo que buscan, llevarlo m\u00e1s all\u00e1 con nuestra asesor\u00eda y tener un excelente resultado <\/h2>\n\n\n\n<div style=\"height:100px\" aria-hidden=\"true\" class=\"wp-block-spacer\"><\/div>\n\n\n\n<div class=\"wp-block-columns alignwide is-layout-flex wp-container-core-columns-is-layout-28f84493 wp-block-columns-is-layout-flex\">\n<div class=\"wp-block-column is-layout-flow wp-block-column-is-layout-flow\">\n<figure class=\"wp-block-image size-large\"><img decoding=\"async\" src=\"https:\/\/qko.mx\/wp-content\/themes\/inspiro\/assets\/images\/video-1.jpeg\" alt=\"\"\/><\/figure>\n\n\n\n<p class=\"has-black-color has-text-color has-medium-font-size\"><a href=\"#\">EN FOTO<\/a><\/p>\n\n\n\n<p class=\"has-text-color\" style=\"color:#7a7a7a\">Siempre debes tener LA FOTO, pero como lograrla el celular es una herramienta imediata que ayuda mucho para el contenido pero realmente lo estas explotando. NOSOTROS contamos con equipo para hacer algo memorable.<\/p>\n<\/div>\n\n\n\n<div class=\"wp-block-column is-layout-flow wp-block-column-is-layout-flow\">\n<figure class=\"wp-block-image size-large\"><img decoding=\"async\" src=\"https:\/\/qko.mx\/wp-content\/themes\/inspiro\/assets\/images\/video-2.jpeg\" alt=\"\"\/><\/figure>\n\n\n\n<p class=\"has-black-color has-text-color has-medium-font-size\"><a href=\"#\">EN VIDEO<\/a><\/p>\n\n\n\n<p class=\"has-text-color\" style=\"color:#7a7a7a\">Termina con las limitantes de no ser protagonista de TIK TOK lo que tienes que hacer est\u00e1 al alcance de tus manos. Solo hace falta consultarnos para mejorar tu imagen como empresa o negocio en la red social adecuada y con la mejor calidad.<\/p>\n<\/div>\n\n\n\n<div class=\"wp-block-column is-layout-flow wp-block-column-is-layout-flow\">\n<figure class=\"wp-block-image size-large\"><img decoding=\"async\" src=\"https:\/\/qko.mx\/wp-content\/themes\/inspiro\/assets\/images\/video-3.jpeg\" alt=\"\"\/><\/figure>\n\n\n\n<p class=\"has-black-color has-text-color has-medium-font-size\"><a href=\"#\">PRODUCCI\u00d3N<\/a><\/p>\n\n\n\n<p class=\"has-text-color\" style=\"color:#7a7a7a\">Buscas una soluci\u00f3n, con nosotros tienes todas; para un evento, para una presentaci\u00f3n, para una nueva empresa <\/p>\n\n\n\n<p><\/p>\n<\/div>\n<\/div>\n\n\n\n<h3 class=\"has-large-font-size wp-block-heading\" id=\"inspiro-is-a-digital-product-agency-that-focuses-on-strategy-and-desig\" style=\"font-weight:300\">Showreel<\/h3>\n\n\n\n<figure class=\"wp-block-embed alignwide is-type-video is-provider-videopress wp-block-embed-videopress wp-embed-aspect-16-9 wp-has-aspect-ratio\"><div class=\"wp-block-embed__wrapper\">\n<iframe title=\"VideoPress Video Player\" aria-label='VideoPress Video Player' width='950' height='534' src='https:\/\/video.wordpress.com\/embed\/bjvmxiQS?hd=1&amp;cover=1' frameborder='0' allowfullscreen allow='clipboard-write'><\/iframe><script src='https:\/\/v0.wordpress.com\/js\/next\/videopress-iframe.js?m=1674852142'><\/script>\n<\/div><\/figure>\n\n\n\n<div style=\"height:100px\" aria-hidden=\"true\" class=\"wp-block-spacer\"><\/div>\n\n\n\n<div class=\"wp-block-cover alignfull\" style=\"padding-top:50px;padding-right:50px;padding-bottom:50px;padding-left:50px;min-height:316px;aspect-ratio:unset;\"><span aria-hidden=\"true\" class=\"wp-block-cover__background has-black-background-color has-background-dim-100 has-background-dim\"><\/span><div class=\"wp-block-cover__inner-container is-layout-flow wp-block-cover-is-layout-flow\">\n<div class=\"wp-block-columns are-vertically-aligned-center is-layout-flex wp-container-core-columns-is-layout-28f84493 wp-block-columns-is-layout-flex\">\n<div class=\"wp-block-column is-vertically-aligned-center is-layout-flow wp-block-column-is-layout-flow\" style=\"padding-top:20px;padding-right:0px;padding-bottom:20px;padding-left:0px\">\n<div class=\"wp-block-group is-content-justification-space-between is-nowrap is-layout-flex wp-container-core-group-is-layout-bb3dfb5c wp-block-group-is-layout-flex\">\n<figure class=\"wp-block-image size-full\"><img decoding=\"async\" src=\"https:\/\/qko.mx\/wp-content\/themes\/inspiro\/assets\/images\/laurel_left.png\" alt=\"\"\/><\/figure>\n\n\n\n<div class=\"wp-block-group is-layout-flow wp-block-group-is-layout-flow\">\n<p class=\"has-text-align-center has-white-color has-text-color\" style=\"font-size:clamp(14px, 0.875rem + ((1vw - 3.2px) * 0.417), 18px);line-height:1\"><strong>\u00abMejor pel\u00edcula\u00bb<br><\/strong>Ganador<\/p>\n<\/div>\n\n\n\n<figure class=\"wp-block-image size-full\"><img decoding=\"async\" src=\"https:\/\/qko.mx\/wp-content\/themes\/inspiro\/assets\/images\/laurel_right.png\" alt=\"\"\/><\/figure>\n<\/div>\n<\/div>\n\n\n\n<div class=\"wp-block-column is-vertically-aligned-center is-layout-flow wp-block-column-is-layout-flow\" style=\"padding-top:20px;padding-right:0px;padding-bottom:20px;padding-left:0px\">\n<div class=\"wp-block-group is-content-justification-space-between is-nowrap is-layout-flex wp-container-core-group-is-layout-bb3dfb5c wp-block-group-is-layout-flex\">\n<figure class=\"wp-block-image size-full\"><img decoding=\"async\" src=\"https:\/\/qko.mx\/wp-content\/themes\/inspiro\/assets\/images\/laurel_left.png\" alt=\"\"\/><\/figure>\n\n\n\n<div class=\"wp-block-group is-layout-flow wp-block-group-is-layout-flow\">\n<p class=\"has-text-align-center has-white-color has-text-color\" style=\"font-size:clamp(14px, 0.875rem + ((1vw - 3.2px) * 0.417), 18px);line-height:1\"><strong>\u00abNuevo festival de cine\u00bb<\/strong><br>Ganador<\/p>\n<\/div>\n\n\n\n<figure class=\"wp-block-image size-full\"><img decoding=\"async\" src=\"https:\/\/qko.mx\/wp-content\/themes\/inspiro\/assets\/images\/laurel_right.png\" alt=\"\"\/><\/figure>\n<\/div>\n<\/div>\n\n\n\n<div class=\"wp-block-column is-vertically-aligned-center is-layout-flow wp-block-column-is-layout-flow\" style=\"padding-top:20px;padding-right:0px;padding-bottom:20px;padding-left:0px\">\n<div class=\"wp-block-group is-content-justification-space-between is-nowrap is-layout-flex wp-container-core-group-is-layout-bb3dfb5c wp-block-group-is-layout-flex\">\n<figure class=\"wp-block-image size-full\"><img decoding=\"async\" src=\"https:\/\/qko.mx\/wp-content\/themes\/inspiro\/assets\/images\/laurel_left.png\" alt=\"\"\/><\/figure>\n\n\n\n<div class=\"wp-block-group is-layout-flow wp-block-group-is-layout-flow\">\n<p class=\"has-text-align-center has-white-color has-text-color\" style=\"font-size:clamp(14px, 0.875rem + ((1vw - 3.2px) * 0.417), 18px);line-height:1\"><strong>\u00abMejor corto\u00bb<\/strong><br>Ganador<\/p>\n<\/div>\n\n\n\n<figure class=\"wp-block-image size-full\"><img decoding=\"async\" src=\"https:\/\/qko.mx\/wp-content\/themes\/inspiro\/assets\/images\/laurel_right.png\" alt=\"\"\/><\/figure>\n<\/div>\n<\/div>\n<\/div>\n<\/div><\/div>","protected":false},"excerpt":{"rendered":"<p>Algo diferente a una agencia tradicional, buscamos involucrarnos directo con el CLIENTE tenemos la misi\u00f3n de saber lo que buscan, llevarlo m\u00e1s all\u00e1 con nuestra asesor\u00eda y tener un excelente resultado EN FOTO Siempre debes tener LA FOTO, pero como lograrla el celular es una herramienta imediata que ayuda mucho para el contenido pero realmente &hellip; <\/p>\n<p class=\"link-more\"><a href=\"https:\/\/qko.mx\/en\/acerca-de\/\" class=\"more-link\">Read more<span class=\"screen-reader-text\"> \u00abQKO es&#8230;\u00bb<\/span><\/a><\/p>","protected":false},"author":1,"featured_media":9,"parent":0,"menu_order":0,"comment_status":"closed","ping_status":"closed","template":"","meta":{"ngg_post_thumbnail":0,"footnotes":""},"class_list":["post-11","page","type-page","status-publish","has-post-thumbnail","hentry"],"featured_media_urls":{"thumbnail":["https:\/\/qko.mx\/wp-content\/uploads\/2023\/03\/StockSnap_M6D1GS9PSL-150x150.jpg",150,150,true],"medium":["https:\/\/qko.mx\/wp-content\/uploads\/2023\/03\/StockSnap_M6D1GS9PSL-300x198.jpg",300,198,true],"medium_large":["https:\/\/qko.mx\/wp-content\/uploads\/2023\/03\/StockSnap_M6D1GS9PSL-768x506.jpg",768,506,true],"large":["https:\/\/qko.mx\/wp-content\/uploads\/2023\/03\/StockSnap_M6D1GS9PSL-1024x674.jpg",950,625,true],"1536x1536":["https:\/\/qko.mx\/wp-content\/uploads\/2023\/03\/StockSnap_M6D1GS9PSL-1536x1011.jpg",1536,1011,true],"2048x2048":["https:\/\/qko.mx\/wp-content\/uploads\/2023\/03\/StockSnap_M6D1GS9PSL.jpg",2000,1317,false],"trp-custom-language-flag":["https:\/\/qko.mx\/wp-content\/uploads\/2023\/03\/StockSnap_M6D1GS9PSL-18x12.jpg",18,12,true],"classic-grid-listing":["https:\/\/qko.mx\/wp-content\/uploads\/2023\/03\/StockSnap_M6D1GS9PSL-600x395.jpg",600,395,true],"classic-list-listing":["https:\/\/qko.mx\/wp-content\/uploads\/2023\/03\/StockSnap_M6D1GS9PSL-243x160.jpg",243,160,true],"modern-grid-listing":["https:\/\/qko.mx\/wp-content\/uploads\/2023\/03\/StockSnap_M6D1GS9PSL-600x384.jpg",600,384,true],"product-page-image":["https:\/\/qko.mx\/wp-content\/uploads\/2023\/03\/StockSnap_M6D1GS9PSL-600x395.jpg",600,395,true],"product-category-page-image":["https:\/\/qko.mx\/wp-content\/uploads\/2023\/03\/StockSnap_M6D1GS9PSL-600x395.jpg",600,395,true],"inspiro-featured-image":["https:\/\/qko.mx\/wp-content\/uploads\/2023\/03\/StockSnap_M6D1GS9PSL.jpg",2000,1317,false],"inspiro-loop":["https:\/\/qko.mx\/wp-content\/uploads\/2023\/03\/StockSnap_M6D1GS9PSL-950x320.jpg",950,320,true],"inspiro-loop@2x":["https:\/\/qko.mx\/wp-content\/uploads\/2023\/03\/StockSnap_M6D1GS9PSL-1900x640.jpg",1900,640,true],"portfolio_item-thumbnail":["https:\/\/qko.mx\/wp-content\/uploads\/2023\/03\/StockSnap_M6D1GS9PSL-600x400.jpg",600,400,true],"portfolio_item-thumbnail@2x":["https:\/\/qko.mx\/wp-content\/uploads\/2023\/03\/StockSnap_M6D1GS9PSL-1200x800.jpg",1200,800,true],"portfolio_item-masonry":["https:\/\/qko.mx\/wp-content\/uploads\/2023\/03\/StockSnap_M6D1GS9PSL-600x395.jpg",600,395,true],"portfolio_item-masonry@2x":["https:\/\/qko.mx\/wp-content\/uploads\/2023\/03\/StockSnap_M6D1GS9PSL-1200x790.jpg",1200,790,true],"portfolio_item-thumbnail_cinema":["https:\/\/qko.mx\/wp-content\/uploads\/2023\/03\/StockSnap_M6D1GS9PSL-800x335.jpg",800,335,true],"portfolio_item-thumbnail_portrait":["https:\/\/qko.mx\/wp-content\/uploads\/2023\/03\/StockSnap_M6D1GS9PSL-600x900.jpg",600,900,true],"portfolio_item-thumbnail_portrait@2x":["https:\/\/qko.mx\/wp-content\/uploads\/2023\/03\/StockSnap_M6D1GS9PSL-1200x1317.jpg",1200,1317,true],"portfolio_item-thumbnail_square":["https:\/\/qko.mx\/wp-content\/uploads\/2023\/03\/StockSnap_M6D1GS9PSL-800x800.jpg",800,800,true]},"_links":{"self":[{"href":"https:\/\/qko.mx\/en\/wp-json\/wp\/v2\/pages\/11","targetHints":{"allow":["GET"]}}],"collection":[{"href":"https:\/\/qko.mx\/en\/wp-json\/wp\/v2\/pages"}],"about":[{"href":"https:\/\/qko.mx\/en\/wp-json\/wp\/v2\/types\/page"}],"author":[{"embeddable":true,"href":"https:\/\/qko.mx\/en\/wp-json\/wp\/v2\/users\/1"}],"replies":[{"embeddable":true,"href":"https:\/\/qko.mx\/en\/wp-json\/wp\/v2\/comments?post=11"}],"version-history":[{"count":3,"href":"https:\/\/qko.mx\/en\/wp-json\/wp\/v2\/pages\/11\/revisions"}],"predecessor-version":[{"id":132,"href":"https:\/\/qko.mx\/en\/wp-json\/wp\/v2\/pages\/11\/revisions\/132"}],"wp:featuredmedia":[{"embeddable":true,"href":"https:\/\/qko.mx\/en\/wp-json\/wp\/v2\/media\/9"}],"wp:attachment":[{"href":"https:\/\/qko.mx\/en\/wp-json\/wp\/v2\/media?parent=11"}],"curies":[{"name":"wp","href":"https:\/\/api.w.org\/{rel}","templated":true}]}}