{"id":430,"date":"2023-06-01T20:02:44","date_gmt":"2023-06-01T20:02:44","guid":{"rendered":"https:\/\/qko.mx\/productos\/"},"modified":"2023-06-01T20:02:44","modified_gmt":"2023-06-01T20:02:44","slug":"productos","status":"publish","type":"page","link":"https:\/\/qko.mx\/en\/productos\/","title":{"rendered":"Productos"},"content":{"rendered":"<div id=\"product_listing\" class=\"post-430 page type-page status-publish hentry al_product responsive\">\n\t\t\t<div class=\"ic-catalog-container\"><h2 class=\"catalog-header\">Categor\u00edas Principales<\/h2>    <div class=\"product-subcategories responsive list\">\n\t\t\n\n    <div class=\"archive-listing category-22 list top-category\">\n        <a href=\"https:\/\/qko.mx\/en\/products-category\/articulos-promocionales\/\"><span class=\"div-link\"><\/span><\/a>\n        <div class=\"classic-list-image-wrapper\">\n            <div class=\"pseudo\"><\/div><img decoding=\"async\" src=\"https:\/\/qko.mx\/wp-content\/plugins\/ecommerce-product-catalog\/img\/no-default-thumbnail.png\" class=\"classic-list-image\" alt=\"PROMOCIONALES\" ><\/div>\n        <div class=\"product-name\">PROMOCIONALES<\/div>\n        <div class=\"product-short-descr\">\n            <p><\/p>\n        <\/div>\n    <\/div>\n\n    <\/div>\n<div id=\"product_filters_bar\" class=\"product-sort-bar grey-box ic-design\"><div id=\"block-99\" class=\"filter-widget widget_block product-search-widget\"><div class=\"ic-block-product-search-widget wp-block-ic-epc-product-search-widget\"><div class=\"widget product_search search widget_search\">    <form role=\"search\" class=\"grey-box ic-design\" method=\"get\"\n          id=\"product_search_form\" action=\"https:\/\/qko.mx\/en\/\" data-trp-original-action=\"https:\/\/qko.mx\/en\/\">\n\t\t<input type=\"hidden\" name=\"post_type\" value=\"al_product\" \/>        <div class=\"ic-search-container\">\n\t\t\t            <input class=\"product-search-box\" type=\"search\" value=\"\" name=\"s\"\n                   placeholder=\"Producto Search\"\/>\n            <input class=\"product-search-submit\" type=\"submit\" id=\"searchsubmit\"\n                   value=\"\"\/>\n        <\/div>\n    <input type=\"hidden\" name=\"trp-form-language\" value=\"en\"\/><\/form>\n\t<\/div><\/div><\/div><div id=\"block-100\" class=\"filter-widget widget_block product-sort-filter\"><div class=\"ic-block-product-sort-filter wp-block-ic-epc-product-sort-filter\"><\/div><\/div><div id=\"block-101\" class=\"filter-widget widget_block product-price-filter\"><\/div><div id=\"block-102\" class=\"filter-widget widget_block product-category-filter\"><div class=\"ic-block-product-category-filter wp-block-ic-epc-product-category-filter\"><\/div><\/div><div class=\"clear-both\"><\/div><\/div><div class=\"product-list list\" >\n    <div class=\"archive-listing product-436 list publish no-price\">\n        <a href=\"https:\/\/qko.mx\/en\/productos\/decantador\/\"><span class=\"div-link\"><\/span><\/a>\n        <div class=\"classic-list-image-wrapper\">\n            <div class=\"pseudo\"><\/div><img decoding=\"async\" width=\"242\" height=\"160\" src=\"https:\/\/qko.mx\/wp-content\/uploads\/2023\/06\/bar-01-0001-242x160.jpg\" class=\"classic-list-image\" alt=\"DECANTADOR\" srcset=\"https:\/\/qko.mx\/wp-content\/uploads\/2023\/06\/bar-01-0001-242x160.jpg 242w, https:\/\/qko.mx\/wp-content\/uploads\/2023\/06\/bar-01-0001-300x199.jpg 300w, https:\/\/qko.mx\/wp-content\/uploads\/2023\/06\/bar-01-0001-768x509.jpg 768w, https:\/\/qko.mx\/wp-content\/uploads\/2023\/06\/bar-01-0001-18x12.jpg 18w, https:\/\/qko.mx\/wp-content\/uploads\/2023\/06\/bar-01-0001-600x397.jpg 600w, https:\/\/qko.mx\/wp-content\/uploads\/2023\/06\/bar-01-0001.jpg 1024w\" sizes=\"(max-width: 767px) 89vw, (max-width: 1000px) 54vw, (max-width: 1071px) 543px, 580px\" \/><\/div>\n        <div class=\"product-name\">DECANTADOR<\/div>\n        <div class=\"product-short-descr\"><p>HM-033 Medidas: 15.SxS.5 cm. \u00c1rea de impresi\u00f3n: 3x4 cm. Impresi\u00f3n en tampograf\u00eda.<\/p><\/div>\n\t\t    <\/div>\n\n\n    <div class=\"archive-listing product-433 list publish no-price\">\n        <a href=\"https:\/\/qko.mx\/en\/productos\/termo-apia\/\"><span class=\"div-link\"><\/span><\/a>\n        <div class=\"classic-list-image-wrapper\">\n            <div class=\"pseudo\"><\/div><img decoding=\"async\" width=\"160\" height=\"160\" src=\"https:\/\/qko.mx\/wp-content\/uploads\/2023\/03\/Baby.tux-800x800-2-160x160.png\" class=\"classic-list-image\" alt=\"TERMO APIA\" srcset=\"https:\/\/qko.mx\/wp-content\/uploads\/2023\/03\/Baby.tux-800x800-2-160x160.png 160w, https:\/\/qko.mx\/wp-content\/uploads\/2023\/03\/Baby.tux-800x800-2-300x300.png 300w, https:\/\/qko.mx\/wp-content\/uploads\/2023\/03\/Baby.tux-800x800-2-150x150.png 150w, https:\/\/qko.mx\/wp-content\/uploads\/2023\/03\/Baby.tux-800x800-2-768x768.png 768w, https:\/\/qko.mx\/wp-content\/uploads\/2023\/03\/Baby.tux-800x800-2-600x600.png 600w, https:\/\/qko.mx\/wp-content\/uploads\/2023\/03\/Baby.tux-800x800-2.png 800w, https:\/\/qko.mx\/wp-content\/uploads\/2023\/03\/Baby.tux-800x800-2-12x12.png 12w\" sizes=\"(max-width: 767px) 89vw, (max-width: 1000px) 54vw, (max-width: 1071px) 543px, 580px\" \/><\/div>\n        <div class=\"product-name\">TERMO APIA<\/div>\n        <div class=\"product-short-descr\"><p>TE-120 Medidas: 24x7.6 cm. \u00c1rea de impresi\u00f3n: 15x5 cm. Impresi\u00f3n en tampograf\u00eda<\/p><\/div>\n\t\t    <\/div>\n\n\n    <div class=\"archive-listing product-429 list publish priced\">\n        <a href=\"https:\/\/qko.mx\/en\/productos\/muestra-de-la-pagina-del-producto\/\"><span class=\"div-link\"><\/span><\/a>\n        <div class=\"classic-list-image-wrapper\">\n            <div class=\"pseudo\"><\/div><img decoding=\"async\" src=\"https:\/\/qko.mx\/wp-content\/plugins\/ecommerce-product-catalog\/img\/no-default-thumbnail.png\" class=\"classic-list-image\" alt=\"Muestra de la p\u00e1gina del producto\" ><\/div>\n        <div class=\"product-name\">Muestra de la p\u00e1gina del producto<\/div>\n        <div class=\"product-short-descr\"><p>Welcome on a product test page. This is a short description. It should show up on the left side of the product image and below the product name.Puede cambiar la plantilla para la p\u00e1gina de producto en la configuraci\u00f3n de cat\u00e1logo.Lea esta p\u00e1gi [...]<\/p><\/div>\n\t\t    <\/div>\n\n<\/div>    <span class=\"clear\"><\/span>\n\t<\/div>            <\/div>","protected":false},"excerpt":{"rendered":"","protected":false},"author":1,"featured_media":0,"parent":0,"menu_order":0,"comment_status":"closed","ping_status":"closed","template":"","meta":{"ngg_post_thumbnail":0,"footnotes":""},"class_list":["post-430","page","type-page","status-publish","hentry"],"featured_media_urls":[],"_links":{"self":[{"href":"https:\/\/qko.mx\/en\/wp-json\/wp\/v2\/pages\/430","targetHints":{"allow":["GET"]}}],"collection":[{"href":"https:\/\/qko.mx\/en\/wp-json\/wp\/v2\/pages"}],"about":[{"href":"https:\/\/qko.mx\/en\/wp-json\/wp\/v2\/types\/page"}],"author":[{"embeddable":true,"href":"https:\/\/qko.mx\/en\/wp-json\/wp\/v2\/users\/1"}],"replies":[{"embeddable":true,"href":"https:\/\/qko.mx\/en\/wp-json\/wp\/v2\/comments?post=430"}],"version-history":[{"count":0,"href":"https:\/\/qko.mx\/en\/wp-json\/wp\/v2\/pages\/430\/revisions"}],"wp:attachment":[{"href":"https:\/\/qko.mx\/en\/wp-json\/wp\/v2\/media?parent=430"}],"curies":[{"name":"wp","href":"https:\/\/api.w.org\/{rel}","templated":true}]}}