{"id":92,"date":"2023-03-19T03:13:51","date_gmt":"2023-03-19T03:13:51","guid":{"rendered":"https:\/\/qko.mx\/?page_id=92"},"modified":"2023-06-20T00:20:48","modified_gmt":"2023-06-20T00:20:48","slug":"fotografia-y-video","status":"publish","type":"page","link":"https:\/\/qko.mx\/en\/fotografia-y-video\/","title":{"rendered":"Fotograf\u00eda y Video"},"content":{"rendered":"<p>Bienvenido\/a a nuestro apartado de fotograf\u00eda y video. Somos un equipo apasionado por capturar momentos \u00fanicos e inolvidables. Nos especializamos en fotograf\u00eda y video de bodas, eventos corporativos, sesiones de retratos y mucho m\u00e1s.<\/p>\n\n\n\n<p>Utilizamos las \u00faltimas t\u00e9cnicas y tecnolog\u00edas para capturar cada detalle de tu evento y plasmarlo en im\u00e1genes y videos que perduren en el tiempo. Nuestro objetivo es contar tu historia de manera \u00fanica y aut\u00e9ntica, capturando emociones y sentimientos que perduren en el tiempo.<\/p>\n\n\n\n<p>Nos enorgullece ofrecer un servicio personalizado y adaptado a tus necesidades. Nos encanta trabajar contigo para entender tus gustos y preferencias, ofreci\u00e9ndote as\u00ed un servicio que cumpla tus expectativas.<\/p>\n\n\n\n<p>Adem\u00e1s, nuestro equipo de dise\u00f1adores gr\u00e1ficos y editores de video pueden encargarse de la edici\u00f3n y retoque de tus fotos y videos para que tengan un aspecto profesional y atractivo.<\/p>\n\n\n\n<p>Explora nuestra p\u00e1gina web para ver algunos ejemplos de nuestro trabajo y cont\u00e1ctanos para hablar sobre c\u00f3mo podemos ayudarte a capturar tus momentos m\u00e1s especiales. Estamos deseando trabajar contigo y crear recuerdos que duren toda la vida.<\/p>\n\n\n\n<p class=\"has-x-large-font-size\">Fotograf\u00eda de Eventos<\/p>\n\n\n\nngg_shortcode_0_placeholder\n\n\n\n<p class=\"has-x-large-font-size\">Fotograf\u00eda de Producto<\/p>\n\n\n\nngg_shortcode_1_placeholder\n\n\n\n<p class=\"has-x-large-font-size\">Fotograf\u00eda de Locaci\u00f3n<\/p>\n\n\n\nngg_shortcode_2_placeholder\n\n\n\n<p class=\"has-x-large-font-size\">Fotograf\u00eda de Retrato<\/p>\n\n\n\nngg_shortcode_3_placeholder\n\n\n\n<p>\u2022 Entrevistas<\/p>\n\n\n\n<p>\u2022 Drone<\/p>\n\n\n\n<p>\u2022 Canales<\/p>\n\n\n\n<p>\u2022 Edici\u00f3n<\/p>\n\n\n\n<p>\u2022 Animaci\u00f3n<\/p>\n\n\n\n<p>\u2022 Estudio<\/p>\n\n\n<div class=\"wpzoom-blocks wpzoom-blocks_portfolio-block wpzoom-portfolio-block-69e3b1d19e5bf use-lightbox layout-grid columns-5 post_type-portfolio_item category-5 ajax-load-items wp-block-wpzoom-blocks-portfolio\" data-offset=\"34\" data-load-more='{\"categories\":[\"5\"],\"class\":\"wpzoom-blocks_portfolio-block\",\"layout\":\"grid\",\"lightbox\":true,\"lightbox_caption\":false,\"order\":\"desc\",\"order_by\":\"menu_order date\",\"per_page\":34,\"read_more_label\":\"Read More\",\"show_author\":true,\"show_background_video\":true,\"show_date\":true,\"show_excerpt\":true,\"show_read_more\":true,\"show_thumbnail\":true,\"show_title\":false,\"source\":\"portfolio_item\",\"thumbnail_size\":\"portfolio_item-thumbnail\",\"total\":0}'><ul class=\"wpzoom-blocks wpzoom-blocks_portfolio-block_items-list\"><li class=\"wpzoom-blocks wpzoom-blocks_portfolio-block_no-portfolio-items\">No portfolio items.<\/li><li class=\"wpzoom-preloader-container\"><div class=\"wpzoom-portfolio-preloader\"><svg  width=\"75\" version=\"1.1\" id=\"L4\" xmlns=\"http:\/\/www.w3.org\/2000\/svg\" xmlns:xlink=\"http:\/\/www.w3.org\/1999\/xlink\" x=\"0px\" y=\"0px\" viewbox=\"0 0 100 100\" enable-background=\"new 0 0 0 0\" xml:space=\"preserve\">\n\t\t  <circle fill=\"#000\" stroke=\"none\" cx=\"6\" cy=\"50\" r=\"6\"><animate attributename=\"opacity\" dur=\"1s\" values=\"0;1;0\" repeatcount=\"indefinite\" begin=\"0.1\"\/><\/circle>\n\t\t  <circle fill=\"#000\" stroke=\"none\" cx=\"26\" cy=\"50\" r=\"6\"><animate attributename=\"opacity\" dur=\"1s\" values=\"0;1;0\" repeatcount=\"indefinite\" begin=\"0.2\"\/><\/circle>\n\t\t  <circle fill=\"#000\" stroke=\"none\" cx=\"46\" cy=\"50\" r=\"6\"><animate attributename=\"opacity\" dur=\"1s\" values=\"0;1;0\" repeatcount=\"indefinite\" begin=\"0.3\"\/><\/circle>\n\t\t<\/svg><\/div><\/li><\/ul><\/div><!--.wpzoom-blocks wpzoom-blocks_portfolio-block--><style>.wpzoom-blocks_portfolio-block.wpzoom-portfolio-block-69e3b1d19e5bf {}.wpzoom-blocks_portfolio-block.wpzoom-portfolio-block-69e3b1d19e5bf { color:#000}.wpzoom-blocks_portfolio-block.wpzoom-portfolio-block-69e3b1d19e5bf .wpzoom-blocks_portfolio-block_filter ul li a,\n\t\t\t.wpzoom-blocks_portfolio-block.wpzoom-portfolio-block-69e3b1d19e5bf.layout-list .wpzoom-blocks_portfolio-block_items-list .wpzoom-blocks_portfolio-block_item .wpzoom-blocks_portfolio-block_item-title a {\n\t\t\t\tcolor:#000;\n\t\t\t}.wpzoom-blocks_portfolio-block.wpzoom-portfolio-block-69e3b1d19e5bf .wpzoom-blocks_portfolio-block_filter ul li a:hover,\n\t\t\t\t.wpzoom-blocks_portfolio-block.wpzoom-portfolio-block-69e3b1d19e5bf .wpzoom-blocks_portfolio-block_filter ul li.current-cat a:hover,\n\t\t\t\t.wpzoom-blocks_portfolio-.wpzoom-portfolio-block-69e3b1d19e5bf.layout-list .wpzoom-blocks_portfolio-block_items-list .wpzoom-blocks_portfolio-block_item .wpzoom-blocks_portfolio-block_item-title a:hover {\n\t\t\t\t\tcolor:#0BB4AA;\n\t\t\t\t}.wpzoom-blocks_portfolio-block.wpzoom-portfolio-block-69e3b1d19e5bf .wpzoom-blocks_portfolio-block_filter ul li.current-cat a { color:#0BB4AA; }.wpzoom-blocks_portfolio-block.wpzoom-portfolio-block-69e3b1d19e5bf .wpzoom-blocks_portfolio-block_filter ul li a {font-weight: 400 !important;letter-spacing: 1px;}.wpzoom-blocks_portfolio-block.wpzoom-portfolio-block-69e3b1d19e5bf .wpzoom-blocks_portfolio-block_item-details .wpzoom-blocks_portfolio-block_item-title a {line-height: 1.2;font-weight: 500 !important;letter-spacing: 1px;}.wpzoom-blocks_portfolio-block.wpzoom-portfolio-block-69e3b1d19e5bf .wpz-portfolio-button__link {letter-spacing: 1px;border-style:solid;border-width:0px;}<\/style>\n\n\n<div class=\"wp-block-columns is-layout-flex wp-container-core-columns-is-layout-28f84493 wp-block-columns-is-layout-flex\">\n<div class=\"wp-block-column is-layout-flow wp-block-column-is-layout-flow\">\n<figure class=\"wp-block-embed is-type-video is-provider-vimeo wp-block-embed-vimeo wp-embed-aspect-16-9 wp-has-aspect-ratio\"><div class=\"wp-block-embed__wrapper\">\n<iframe title=\"selladoq\" src=\"https:\/\/player.vimeo.com\/video\/481928114?dnt=1&amp;app_id=122963\" width=\"950\" height=\"534\" frameborder=\"0\" allow=\"autoplay; fullscreen; picture-in-picture\"><\/iframe>\n<\/div><\/figure>\n<\/div>\n\n\n\n<div class=\"wp-block-column is-layout-flow wp-block-column-is-layout-flow\">\n<figure class=\"wp-block-embed is-type-video is-provider-vimeo wp-block-embed-vimeo wp-embed-aspect-4-3 wp-has-aspect-ratio\"><div class=\"wp-block-embed__wrapper\">\n<iframe title=\"emociones\" src=\"https:\/\/player.vimeo.com\/video\/481927658?dnt=1&amp;app_id=122963\" width=\"640\" height=\"480\" frameborder=\"0\" allow=\"autoplay; fullscreen; picture-in-picture\"><\/iframe>\n<\/div><\/figure>\n<\/div>\n\n\n\n<div class=\"wp-block-column is-layout-flow wp-block-column-is-layout-flow\">\n<figure class=\"wp-block-embed is-type-video is-provider-vimeo wp-block-embed-vimeo wp-embed-aspect-16-9 wp-has-aspect-ratio\"><div class=\"wp-block-embed__wrapper\">\n<iframe title=\"etc_Final450c2 (convertido)\" src=\"https:\/\/player.vimeo.com\/video\/481927425?dnt=1&amp;app_id=122963\" width=\"398\" height=\"224\" frameborder=\"0\" allow=\"autoplay; fullscreen; picture-in-picture\"><\/iframe>\n<\/div><\/figure>\n<\/div>\n<\/div>\n\n\n\n<div class=\"wp-block-columns is-layout-flex wp-container-core-columns-is-layout-28f84493 wp-block-columns-is-layout-flex\">\n<div class=\"wp-block-column is-layout-flow wp-block-column-is-layout-flow\">\n<figure class=\"wp-block-embed is-type-video is-provider-vimeo wp-block-embed-vimeo\"><div class=\"wp-block-embed__wrapper\">\n<iframe title=\"Maquinaria\" src=\"https:\/\/player.vimeo.com\/video\/416429049?dnt=1&amp;app_id=122963\" width=\"950\" height=\"501\" frameborder=\"0\" allow=\"autoplay; fullscreen; picture-in-picture\"><\/iframe>\n<\/div><\/figure>\n<\/div>\n\n\n\n<div class=\"wp-block-column is-layout-flow wp-block-column-is-layout-flow\">\n<figure class=\"wp-block-embed is-type-video is-provider-vimeo wp-block-embed-vimeo wp-embed-aspect-16-9 wp-has-aspect-ratio\"><div class=\"wp-block-embed__wrapper\">\n<iframe title=\"mujeres historia_5\" src=\"https:\/\/player.vimeo.com\/video\/432306944?dnt=1&amp;app_id=122963\" width=\"950\" height=\"534\" frameborder=\"0\" allow=\"autoplay; fullscreen; picture-in-picture\"><\/iframe>\n<\/div><\/figure>\n<\/div>\n\n\n\n<div class=\"wp-block-column is-layout-flow wp-block-column-is-layout-flow\">\n<figure class=\"wp-block-embed is-type-video is-provider-vimeo wp-block-embed-vimeo\"><div class=\"wp-block-embed__wrapper\">\n<iframe title=\"Brillo en soldadura\" src=\"https:\/\/player.vimeo.com\/video\/416427612?dnt=1&amp;app_id=122963\" width=\"950\" height=\"501\" frameborder=\"0\" allow=\"autoplay; fullscreen; picture-in-picture\"><\/iframe>\n<\/div><\/figure>\n<\/div>\n<\/div>","protected":false},"excerpt":{"rendered":"<p>Bienvenido\/a a nuestro apartado de fotograf\u00eda y video. Somos un equipo apasionado por capturar momentos \u00fanicos e inolvidables. Nos especializamos en fotograf\u00eda y video de bodas, eventos corporativos, sesiones de retratos y mucho m\u00e1s. Utilizamos las \u00faltimas t\u00e9cnicas y tecnolog\u00edas para capturar cada detalle de tu evento y plasmarlo en im\u00e1genes y videos que perduren &hellip; <\/p>\n<p class=\"link-more\"><a href=\"https:\/\/qko.mx\/en\/fotografia-y-video\/\" class=\"more-link\">Read more<span class=\"screen-reader-text\"> \u00abFotograf\u00eda y Video\u00bb<\/span><\/a><\/p>","protected":false},"author":1,"featured_media":0,"parent":0,"menu_order":0,"comment_status":"closed","ping_status":"closed","template":"","meta":{"ngg_post_thumbnail":0,"footnotes":""},"class_list":["post-92","page","type-page","status-publish","hentry"],"featured_media_urls":[],"_links":{"self":[{"href":"https:\/\/qko.mx\/en\/wp-json\/wp\/v2\/pages\/92","targetHints":{"allow":["GET"]}}],"collection":[{"href":"https:\/\/qko.mx\/en\/wp-json\/wp\/v2\/pages"}],"about":[{"href":"https:\/\/qko.mx\/en\/wp-json\/wp\/v2\/types\/page"}],"author":[{"embeddable":true,"href":"https:\/\/qko.mx\/en\/wp-json\/wp\/v2\/users\/1"}],"replies":[{"embeddable":true,"href":"https:\/\/qko.mx\/en\/wp-json\/wp\/v2\/comments?post=92"}],"version-history":[{"count":17,"href":"https:\/\/qko.mx\/en\/wp-json\/wp\/v2\/pages\/92\/revisions"}],"predecessor-version":[{"id":477,"href":"https:\/\/qko.mx\/en\/wp-json\/wp\/v2\/pages\/92\/revisions\/477"}],"wp:attachment":[{"href":"https:\/\/qko.mx\/en\/wp-json\/wp\/v2\/media?parent=92"}],"curies":[{"name":"wp","href":"https:\/\/api.w.org\/{rel}","templated":true}]}}